{"id":2789,"date":"2022-08-22T22:18:08","date_gmt":"2022-08-23T03:18:08","guid":{"rendered":"https:\/\/www.corazondejesus.edu.pe\/oficial\/?page_id=2789"},"modified":"2024-12-30T20:35:39","modified_gmt":"2024-12-31T01:35:39","slug":"taekwon-do","status":"publish","type":"page","link":"https:\/\/www.corazondejesus.edu.pe\/oficial\/index.php\/taekwon-do\/","title":{"rendered":"Taekwon-Do"},"content":{"rendered":"\t\t<div data-elementor-type=\"wp-page\" data-elementor-id=\"2789\" class=\"elementor elementor-2789\">\n\t\t\t\t\t\t<section class=\"elementor-section elementor-top-section elementor-element elementor-element-9c2feb6 elementor-section-boxed elementor-section-height-default elementor-section-height-default\" data-id=\"9c2feb6\" data-element_type=\"section\">\n\t\t\t\t\t\t<div class=\"elementor-container elementor-column-gap-default\">\n\t\t\t\t\t<div class=\"elementor-column elementor-col-100 elementor-top-column elementor-element elementor-element-a3aa798\" data-id=\"a3aa798\" data-element_type=\"column\">\n\t\t\t<div class=\"elementor-widget-wrap elementor-element-populated\">\n\t\t\t\t\t\t<div class=\"elementor-element elementor-element-359f12a elementor-widget elementor-widget-heading\" data-id=\"359f12a\" data-element_type=\"widget\" data-widget_type=\"heading.default\">\n\t\t\t\t<div class=\"elementor-widget-container\">\n\t\t\t<h2 class=\"elementor-heading-title elementor-size-default\">Taekwon-Do<\/h2>\t\t<\/div>\n\t\t\t\t<\/div>\n\t\t\t\t\t<\/div>\n\t\t<\/div>\n\t\t\t\t\t<\/div>\n\t\t<\/section>\n\t\t\t\t<section class=\"elementor-section elementor-top-section elementor-element elementor-element-e3b93e5 elementor-section-boxed elementor-section-height-default elementor-section-height-default\" data-id=\"e3b93e5\" data-element_type=\"section\">\n\t\t\t\t\t\t<div class=\"elementor-container elementor-column-gap-default\">\n\t\t\t\t\t<div class=\"elementor-column elementor-col-100 elementor-top-column elementor-element elementor-element-223633b\" data-id=\"223633b\" data-element_type=\"column\">\n\t\t\t<div class=\"elementor-widget-wrap elementor-element-populated\">\n\t\t\t\t\t\t<div class=\"elementor-element elementor-element-f953b01 elementor-widget elementor-widget-spacer\" data-id=\"f953b01\" data-element_type=\"widget\" data-widget_type=\"spacer.default\">\n\t\t\t\t<div class=\"elementor-widget-container\">\n\t\t\t\t\t<div class=\"elementor-spacer\">\n\t\t\t<div class=\"elementor-spacer-inner\"><\/div>\n\t\t<\/div>\n\t\t\t\t<\/div>\n\t\t\t\t<\/div>\n\t\t\t\t\t<\/div>\n\t\t<\/div>\n\t\t\t\t\t<\/div>\n\t\t<\/section>\n\t\t\t\t<section class=\"elementor-section elementor-top-section elementor-element elementor-element-0d29f07 elementor-section-boxed elementor-section-height-default elementor-section-height-default\" data-id=\"0d29f07\" data-element_type=\"section\">\n\t\t\t\t\t\t<div class=\"elementor-container elementor-column-gap-default\">\n\t\t\t\t\t<div class=\"elementor-column elementor-col-100 elementor-top-column elementor-element elementor-element-7125713\" data-id=\"7125713\" data-element_type=\"column\">\n\t\t\t<div class=\"elementor-widget-wrap elementor-element-populated\">\n\t\t\t\t\t\t<div class=\"elementor-element elementor-element-18ebdb3 elementor-widget elementor-widget-text-editor\" data-id=\"18ebdb3\" data-element_type=\"widget\" data-widget_type=\"text-editor.default\">\n\t\t\t\t<div class=\"elementor-widget-container\">\n\t\t\t\t\t\t\t<p>\u00abEl Taekwondo trasciende la simple defensa personal. Es un camino de autodescubrimiento y transformaci\u00f3n, donde cuerpo y mente se unen en una danza de precisi\u00f3n y fuerza. A trav\u00e9s de un entrenamiento riguroso, el practicante desarrolla no solo habilidades f\u00edsicas, sino tambi\u00e9n cualidades como la disciplina, el respeto y la confianza en s\u00ed mismo. El Taekwondo es m\u00e1s que un arte marcial; es un estilo de vida que moldea el car\u00e1cter y forja l\u00edderes.<\/p>\t\t\t\t\t\t<\/div>\n\t\t\t\t<\/div>\n\t\t\t\t\t<\/div>\n\t\t<\/div>\n\t\t\t\t\t<\/div>\n\t\t<\/section>\n\t\t\t\t<section class=\"elementor-section elementor-top-section elementor-element elementor-element-3161fc9 elementor-section-boxed elementor-section-height-default elementor-section-height-default\" data-id=\"3161fc9\" data-element_type=\"section\">\n\t\t\t\t\t\t<div class=\"elementor-container elementor-column-gap-default\">\n\t\t\t\t\t<div class=\"elementor-column elementor-col-100 elementor-top-column elementor-element elementor-element-7986824\" data-id=\"7986824\" data-element_type=\"column\">\n\t\t\t<div class=\"elementor-widget-wrap elementor-element-populated\">\n\t\t\t\t\t\t<div class=\"elementor-element elementor-element-e722c10 elementor-widget elementor-widget-spacer\" data-id=\"e722c10\" data-element_type=\"widget\" data-widget_type=\"spacer.default\">\n\t\t\t\t<div class=\"elementor-widget-container\">\n\t\t\t\t\t<div class=\"elementor-spacer\">\n\t\t\t<div class=\"elementor-spacer-inner\"><\/div>\n\t\t<\/div>\n\t\t\t\t<\/div>\n\t\t\t\t<\/div>\n\t\t\t\t\t<\/div>\n\t\t<\/div>\n\t\t\t\t\t<\/div>\n\t\t<\/section>\n\t\t\t\t<section class=\"elementor-section elementor-top-section elementor-element elementor-element-f3682b2 elementor-section-boxed elementor-section-height-default elementor-section-height-default\" data-id=\"f3682b2\" data-element_type=\"section\">\n\t\t\t\t\t\t<div class=\"elementor-container elementor-column-gap-default\">\n\t\t\t\t\t<div class=\"elementor-column elementor-col-50 elementor-top-column elementor-element elementor-element-719f953\" data-id=\"719f953\" data-element_type=\"column\">\n\t\t\t<div class=\"elementor-widget-wrap elementor-element-populated\">\n\t\t\t\t\t\t<div class=\"elementor-element elementor-element-ce6378e elementor-widget elementor-widget-video\" data-id=\"ce6378e\" data-element_type=\"widget\" data-settings=\"{&quot;youtube_url&quot;:&quot;https:\\\/\\\/youtu.be\\\/Z_b3394QY-o&quot;,&quot;video_type&quot;:&quot;youtube&quot;,&quot;controls&quot;:&quot;yes&quot;}\" data-widget_type=\"video.default\">\n\t\t\t\t<div class=\"elementor-widget-container\">\n\t\t\t\t\t<div class=\"elementor-wrapper elementor-open-inline\">\n\t\t\t<div class=\"elementor-video\"><\/div>\t\t<\/div>\n\t\t\t\t<\/div>\n\t\t\t\t<\/div>\n\t\t\t\t\t<\/div>\n\t\t<\/div>\n\t\t\t\t<div class=\"elementor-column elementor-col-50 elementor-top-column elementor-element elementor-element-1c7323d\" data-id=\"1c7323d\" data-element_type=\"column\">\n\t\t\t<div class=\"elementor-widget-wrap elementor-element-populated\">\n\t\t\t\t\t\t<div class=\"elementor-element elementor-element-1859bcc elementor-widget elementor-widget-video\" data-id=\"1859bcc\" data-element_type=\"widget\" data-settings=\"{&quot;youtube_url&quot;:&quot;https:\\\/\\\/youtu.be\\\/KWjZ7Y8Of9Q&quot;,&quot;video_type&quot;:&quot;youtube&quot;,&quot;controls&quot;:&quot;yes&quot;}\" data-widget_type=\"video.default\">\n\t\t\t\t<div class=\"elementor-widget-container\">\n\t\t\t\t\t<div class=\"elementor-wrapper elementor-open-inline\">\n\t\t\t<div class=\"elementor-video\"><\/div>\t\t<\/div>\n\t\t\t\t<\/div>\n\t\t\t\t<\/div>\n\t\t\t\t\t<\/div>\n\t\t<\/div>\n\t\t\t\t\t<\/div>\n\t\t<\/section>\n\t\t\t\t<\/div>\n\t\t","protected":false},"excerpt":{"rendered":"<p>Taekwon-Do \u00abEl Taekwondo trasciende la simple defensa personal. Es un [&hellip;]<\/p>\n","protected":false},"author":1,"featured_media":0,"parent":0,"menu_order":0,"comment_status":"closed","ping_status":"closed","template":"","meta":{"footnotes":""},"class_list":["post-2789","page","type-page","status-publish","hentry"],"yoast_head":"<!-- This site is optimized with the Yoast SEO plugin v23.8 - https:\/\/yoast.com\/wordpress\/plugins\/seo\/ -->\n<title>Taekwon-Do - Colegio Coraz\u00f3n de Jes\u00fas<\/title>\n<meta name=\"robots\" content=\"index, follow, max-snippet:-1, max-image-preview:large, max-video-preview:-1\" \/>\n<link rel=\"canonical\" href=\"https:\/\/www.corazondejesus.edu.pe\/oficial\/index.php\/taekwon-do\/\" \/>\n<meta property=\"og:locale\" content=\"es_ES\" \/>\n<meta property=\"og:type\" content=\"article\" \/>\n<meta property=\"og:title\" content=\"Taekwon-Do - Colegio Coraz\u00f3n de Jes\u00fas\" \/>\n<meta property=\"og:description\" content=\"Taekwon-Do \u00abEl Taekwondo trasciende la simple defensa personal. Es un [&hellip;]\" \/>\n<meta property=\"og:url\" content=\"https:\/\/www.corazondejesus.edu.pe\/oficial\/index.php\/taekwon-do\/\" \/>\n<meta property=\"og:site_name\" content=\"Colegio Coraz\u00f3n de Jes\u00fas\" \/>\n<meta property=\"article:publisher\" content=\"https:\/\/www.facebook.com\/cepcorazondejesus\" \/>\n<meta property=\"article:modified_time\" content=\"2024-12-31T01:35:39+00:00\" \/>\n<meta name=\"twitter:card\" content=\"summary_large_image\" \/>\n<meta name=\"twitter:label1\" content=\"Tiempo de lectura\" \/>\n\t<meta name=\"twitter:data1\" content=\"1 minuto\" \/>\n<script type=\"application\/ld+json\" class=\"yoast-schema-graph\">{\"@context\":\"https:\/\/schema.org\",\"@graph\":[{\"@type\":\"WebPage\",\"@id\":\"https:\/\/www.corazondejesus.edu.pe\/oficial\/index.php\/taekwon-do\/\",\"url\":\"https:\/\/www.corazondejesus.edu.pe\/oficial\/index.php\/taekwon-do\/\",\"name\":\"Taekwon-Do - Colegio Coraz\u00f3n de Jes\u00fas\",\"isPartOf\":{\"@id\":\"https:\/\/www.corazondejesus.edu.pe\/oficial\/#website\"},\"datePublished\":\"2022-08-23T03:18:08+00:00\",\"dateModified\":\"2024-12-31T01:35:39+00:00\",\"breadcrumb\":{\"@id\":\"https:\/\/www.corazondejesus.edu.pe\/oficial\/index.php\/taekwon-do\/#breadcrumb\"},\"inLanguage\":\"es\",\"potentialAction\":[{\"@type\":\"ReadAction\",\"target\":[\"https:\/\/www.corazondejesus.edu.pe\/oficial\/index.php\/taekwon-do\/\"]}]},{\"@type\":\"BreadcrumbList\",\"@id\":\"https:\/\/www.corazondejesus.edu.pe\/oficial\/index.php\/taekwon-do\/#breadcrumb\",\"itemListElement\":[{\"@type\":\"ListItem\",\"position\":1,\"name\":\"Coraz\u00f3n de Jes\u00fas\",\"item\":\"https:\/\/www.corazondejesus.edu.pe\/oficial\/\"},{\"@type\":\"ListItem\",\"position\":2,\"name\":\"Taekwon-Do\"}]},{\"@type\":\"WebSite\",\"@id\":\"https:\/\/www.corazondejesus.edu.pe\/oficial\/#website\",\"url\":\"https:\/\/www.corazondejesus.edu.pe\/oficial\/\",\"name\":\"Colegio Coraz\u00f3n de Jes\u00fas\",\"description\":\"\",\"publisher\":{\"@id\":\"https:\/\/www.corazondejesus.edu.pe\/oficial\/#organization\"},\"potentialAction\":[{\"@type\":\"SearchAction\",\"target\":{\"@type\":\"EntryPoint\",\"urlTemplate\":\"https:\/\/www.corazondejesus.edu.pe\/oficial\/?s={search_term_string}\"},\"query-input\":{\"@type\":\"PropertyValueSpecification\",\"valueRequired\":true,\"valueName\":\"search_term_string\"}}],\"inLanguage\":\"es\"},{\"@type\":\"Organization\",\"@id\":\"https:\/\/www.corazondejesus.edu.pe\/oficial\/#organization\",\"name\":\"I.E.P Coraz\u00f3n de Jes\u00fas - Jes\u00fas Mar\u00eda\",\"url\":\"https:\/\/www.corazondejesus.edu.pe\/oficial\/\",\"logo\":{\"@type\":\"ImageObject\",\"inLanguage\":\"es\",\"@id\":\"https:\/\/www.corazondejesus.edu.pe\/oficial\/#\/schema\/logo\/image\/\",\"url\":\"https:\/\/www.corazondejesus.edu.pe\/oficial\/wp-content\/uploads\/2020\/11\/logo-2.png\",\"contentUrl\":\"https:\/\/www.corazondejesus.edu.pe\/oficial\/wp-content\/uploads\/2020\/11\/logo-2.png\",\"width\":188,\"height\":72,\"caption\":\"I.E.P Coraz\u00f3n de Jes\u00fas - Jes\u00fas Mar\u00eda\"},\"image\":{\"@id\":\"https:\/\/www.corazondejesus.edu.pe\/oficial\/#\/schema\/logo\/image\/\"},\"sameAs\":[\"https:\/\/www.facebook.com\/cepcorazondejesus\"]}]}<\/script>\n<!-- \/ Yoast SEO plugin. -->","yoast_head_json":{"title":"Taekwon-Do - Colegio Coraz\u00f3n de Jes\u00fas","robots":{"index":"index","follow":"follow","max-snippet":"max-snippet:-1","max-image-preview":"max-image-preview:large","max-video-preview":"max-video-preview:-1"},"canonical":"https:\/\/www.corazondejesus.edu.pe\/oficial\/index.php\/taekwon-do\/","og_locale":"es_ES","og_type":"article","og_title":"Taekwon-Do - Colegio Coraz\u00f3n de Jes\u00fas","og_description":"Taekwon-Do \u00abEl Taekwondo trasciende la simple defensa personal. Es un [&hellip;]","og_url":"https:\/\/www.corazondejesus.edu.pe\/oficial\/index.php\/taekwon-do\/","og_site_name":"Colegio Coraz\u00f3n de Jes\u00fas","article_publisher":"https:\/\/www.facebook.com\/cepcorazondejesus","article_modified_time":"2024-12-31T01:35:39+00:00","twitter_card":"summary_large_image","twitter_misc":{"Tiempo de lectura":"1 minuto"},"schema":{"@context":"https:\/\/schema.org","@graph":[{"@type":"WebPage","@id":"https:\/\/www.corazondejesus.edu.pe\/oficial\/index.php\/taekwon-do\/","url":"https:\/\/www.corazondejesus.edu.pe\/oficial\/index.php\/taekwon-do\/","name":"Taekwon-Do - Colegio Coraz\u00f3n de Jes\u00fas","isPartOf":{"@id":"https:\/\/www.corazondejesus.edu.pe\/oficial\/#website"},"datePublished":"2022-08-23T03:18:08+00:00","dateModified":"2024-12-31T01:35:39+00:00","breadcrumb":{"@id":"https:\/\/www.corazondejesus.edu.pe\/oficial\/index.php\/taekwon-do\/#breadcrumb"},"inLanguage":"es","potentialAction":[{"@type":"ReadAction","target":["https:\/\/www.corazondejesus.edu.pe\/oficial\/index.php\/taekwon-do\/"]}]},{"@type":"BreadcrumbList","@id":"https:\/\/www.corazondejesus.edu.pe\/oficial\/index.php\/taekwon-do\/#breadcrumb","itemListElement":[{"@type":"ListItem","position":1,"name":"Coraz\u00f3n de Jes\u00fas","item":"https:\/\/www.corazondejesus.edu.pe\/oficial\/"},{"@type":"ListItem","position":2,"name":"Taekwon-Do"}]},{"@type":"WebSite","@id":"https:\/\/www.corazondejesus.edu.pe\/oficial\/#website","url":"https:\/\/www.corazondejesus.edu.pe\/oficial\/","name":"Colegio Coraz\u00f3n de Jes\u00fas","description":"","publisher":{"@id":"https:\/\/www.corazondejesus.edu.pe\/oficial\/#organization"},"potentialAction":[{"@type":"SearchAction","target":{"@type":"EntryPoint","urlTemplate":"https:\/\/www.corazondejesus.edu.pe\/oficial\/?s={search_term_string}"},"query-input":{"@type":"PropertyValueSpecification","valueRequired":true,"valueName":"search_term_string"}}],"inLanguage":"es"},{"@type":"Organization","@id":"https:\/\/www.corazondejesus.edu.pe\/oficial\/#organization","name":"I.E.P Coraz\u00f3n de Jes\u00fas - Jes\u00fas Mar\u00eda","url":"https:\/\/www.corazondejesus.edu.pe\/oficial\/","logo":{"@type":"ImageObject","inLanguage":"es","@id":"https:\/\/www.corazondejesus.edu.pe\/oficial\/#\/schema\/logo\/image\/","url":"https:\/\/www.corazondejesus.edu.pe\/oficial\/wp-content\/uploads\/2020\/11\/logo-2.png","contentUrl":"https:\/\/www.corazondejesus.edu.pe\/oficial\/wp-content\/uploads\/2020\/11\/logo-2.png","width":188,"height":72,"caption":"I.E.P Coraz\u00f3n de Jes\u00fas - Jes\u00fas Mar\u00eda"},"image":{"@id":"https:\/\/www.corazondejesus.edu.pe\/oficial\/#\/schema\/logo\/image\/"},"sameAs":["https:\/\/www.facebook.com\/cepcorazondejesus"]}]}},"_links":{"self":[{"href":"https:\/\/www.corazondejesus.edu.pe\/oficial\/index.php\/wp-json\/wp\/v2\/pages\/2789","targetHints":{"allow":["GET"]}}],"collection":[{"href":"https:\/\/www.corazondejesus.edu.pe\/oficial\/index.php\/wp-json\/wp\/v2\/pages"}],"about":[{"href":"https:\/\/www.corazondejesus.edu.pe\/oficial\/index.php\/wp-json\/wp\/v2\/types\/page"}],"author":[{"embeddable":true,"href":"https:\/\/www.corazondejesus.edu.pe\/oficial\/index.php\/wp-json\/wp\/v2\/users\/1"}],"replies":[{"embeddable":true,"href":"https:\/\/www.corazondejesus.edu.pe\/oficial\/index.php\/wp-json\/wp\/v2\/comments?post=2789"}],"version-history":[{"count":16,"href":"https:\/\/www.corazondejesus.edu.pe\/oficial\/index.php\/wp-json\/wp\/v2\/pages\/2789\/revisions"}],"predecessor-version":[{"id":4183,"href":"https:\/\/www.corazondejesus.edu.pe\/oficial\/index.php\/wp-json\/wp\/v2\/pages\/2789\/revisions\/4183"}],"wp:attachment":[{"href":"https:\/\/www.corazondejesus.edu.pe\/oficial\/index.php\/wp-json\/wp\/v2\/media?parent=2789"}],"curies":[{"name":"wp","href":"https:\/\/api.w.org\/{rel}","templated":true}]}}