{"id":2886,"date":"2022-09-29T08:24:27","date_gmt":"2022-09-29T13:24:27","guid":{"rendered":"https:\/\/www.corazondejesus.edu.pe\/oficial\/?page_id=2886"},"modified":"2025-09-26T08:50:13","modified_gmt":"2025-09-26T13:50:13","slug":"reglamento-interno","status":"publish","type":"page","link":"https:\/\/www.corazondejesus.edu.pe\/oficial\/index.php\/reglamento-interno\/","title":{"rendered":"Reglamento Interno"},"content":{"rendered":"\t\t<div data-elementor-type=\"wp-page\" data-elementor-id=\"2886\" class=\"elementor elementor-2886\">\n\t\t\t\t\t\t<section class=\"elementor-section elementor-top-section elementor-element elementor-element-d051b3f elementor-section-boxed elementor-section-height-default elementor-section-height-default\" data-id=\"d051b3f\" data-element_type=\"section\">\n\t\t\t\t\t\t<div class=\"elementor-container elementor-column-gap-default\">\n\t\t\t\t\t<div class=\"elementor-column elementor-col-100 elementor-top-column elementor-element elementor-element-ec4982b\" data-id=\"ec4982b\" data-element_type=\"column\">\n\t\t\t<div class=\"elementor-widget-wrap elementor-element-populated\">\n\t\t\t\t\t\t<div class=\"elementor-element elementor-element-ae842c5 elementor-widget elementor-widget-heading\" data-id=\"ae842c5\" data-element_type=\"widget\" data-widget_type=\"heading.default\">\n\t\t\t\t<div class=\"elementor-widget-container\">\n\t\t\t<h2 class=\"elementor-heading-title elementor-size-default\">Reglamento Interno<\/h2>\t\t<\/div>\n\t\t\t\t<\/div>\n\t\t\t\t\t<\/div>\n\t\t<\/div>\n\t\t\t\t\t<\/div>\n\t\t<\/section>\n\t\t\t\t<section class=\"elementor-section elementor-top-section elementor-element elementor-element-64af4fa elementor-section-boxed elementor-section-height-default elementor-section-height-default\" data-id=\"64af4fa\" data-element_type=\"section\">\n\t\t\t\t\t\t<div class=\"elementor-container elementor-column-gap-default\">\n\t\t\t\t\t<div class=\"elementor-column elementor-col-100 elementor-top-column elementor-element elementor-element-9b29e86\" data-id=\"9b29e86\" data-element_type=\"column\">\n\t\t\t<div class=\"elementor-widget-wrap elementor-element-populated\">\n\t\t\t\t\t\t<div class=\"elementor-element elementor-element-64c0b48 elementor-widget elementor-widget-spacer\" data-id=\"64c0b48\" data-element_type=\"widget\" data-widget_type=\"spacer.default\">\n\t\t\t\t<div class=\"elementor-widget-container\">\n\t\t\t\t\t<div class=\"elementor-spacer\">\n\t\t\t<div class=\"elementor-spacer-inner\"><\/div>\n\t\t<\/div>\n\t\t\t\t<\/div>\n\t\t\t\t<\/div>\n\t\t\t\t\t<\/div>\n\t\t<\/div>\n\t\t\t\t\t<\/div>\n\t\t<\/section>\n\t\t\t\t<section class=\"elementor-section elementor-top-section elementor-element elementor-element-2af7346 elementor-section-boxed elementor-section-height-default elementor-section-height-default\" data-id=\"2af7346\" data-element_type=\"section\">\n\t\t\t\t\t\t<div class=\"elementor-container elementor-column-gap-default\">\n\t\t\t\t\t<div class=\"elementor-column elementor-col-100 elementor-top-column elementor-element elementor-element-5728ab1\" data-id=\"5728ab1\" data-element_type=\"column\">\n\t\t\t<div class=\"elementor-widget-wrap elementor-element-populated\">\n\t\t\t\t\t\t<div class=\"elementor-element elementor-element-6179911 elementor-widget elementor-widget-pdf_viewer\" data-id=\"6179911\" data-element_type=\"widget\" data-widget_type=\"pdf_viewer.default\">\n\t\t\t\t<div class=\"elementor-widget-container\">\n\t\t\t<iframe src=\"https:\/\/docs.google.com\/viewer?url=https:\/\/www.corazondejesus.edu.pe\/oficial\/wp-content\/uploads\/2025\/09\/Reglamento-Interno-26-09-25.pdf&amp;embedded=true\" style=\"display: block; margin-left: auto; margin-right: auto; width: 880px; height: 1020px;\" frameborder=\"1\" marginheight=\"0px\" marginwidth=\"0px\" allowfullscreen><\/iframe>\t\t<\/div>\n\t\t\t\t<\/div>\n\t\t\t\t\t<\/div>\n\t\t<\/div>\n\t\t\t\t\t<\/div>\n\t\t<\/section>\n\t\t\t\t<\/div>\n\t\t","protected":false},"excerpt":{"rendered":"<p>Reglamento Interno<\/p>\n","protected":false},"author":1,"featured_media":0,"parent":0,"menu_order":0,"comment_status":"closed","ping_status":"closed","template":"","meta":{"footnotes":""},"class_list":["post-2886","page","type-page","status-publish","hentry"],"yoast_head":"<!-- This site is optimized with the Yoast SEO plugin v23.8 - https:\/\/yoast.com\/wordpress\/plugins\/seo\/ -->\n<title>Reglamento Interno - Colegio Coraz\u00f3n de Jes\u00fas<\/title>\n<meta name=\"robots\" content=\"index, follow, max-snippet:-1, max-image-preview:large, max-video-preview:-1\" \/>\n<link rel=\"canonical\" href=\"https:\/\/www.corazondejesus.edu.pe\/oficial\/index.php\/reglamento-interno\/\" \/>\n<meta property=\"og:locale\" content=\"es_ES\" \/>\n<meta property=\"og:type\" content=\"article\" \/>\n<meta property=\"og:title\" content=\"Reglamento Interno - Colegio Coraz\u00f3n de Jes\u00fas\" \/>\n<meta property=\"og:description\" content=\"Reglamento Interno\" \/>\n<meta property=\"og:url\" content=\"https:\/\/www.corazondejesus.edu.pe\/oficial\/index.php\/reglamento-interno\/\" \/>\n<meta property=\"og:site_name\" content=\"Colegio Coraz\u00f3n de Jes\u00fas\" \/>\n<meta property=\"article:publisher\" content=\"https:\/\/www.facebook.com\/cepcorazondejesus\" \/>\n<meta property=\"article:modified_time\" content=\"2025-09-26T13:50:13+00:00\" \/>\n<meta name=\"twitter:card\" content=\"summary_large_image\" \/>\n<meta name=\"twitter:label1\" content=\"Tiempo de lectura\" \/>\n\t<meta name=\"twitter:data1\" content=\"1 minuto\" \/>\n<script type=\"application\/ld+json\" class=\"yoast-schema-graph\">{\"@context\":\"https:\/\/schema.org\",\"@graph\":[{\"@type\":\"WebPage\",\"@id\":\"https:\/\/www.corazondejesus.edu.pe\/oficial\/index.php\/reglamento-interno\/\",\"url\":\"https:\/\/www.corazondejesus.edu.pe\/oficial\/index.php\/reglamento-interno\/\",\"name\":\"Reglamento Interno - Colegio Coraz\u00f3n de Jes\u00fas\",\"isPartOf\":{\"@id\":\"https:\/\/www.corazondejesus.edu.pe\/oficial\/#website\"},\"datePublished\":\"2022-09-29T13:24:27+00:00\",\"dateModified\":\"2025-09-26T13:50:13+00:00\",\"breadcrumb\":{\"@id\":\"https:\/\/www.corazondejesus.edu.pe\/oficial\/index.php\/reglamento-interno\/#breadcrumb\"},\"inLanguage\":\"es\",\"potentialAction\":[{\"@type\":\"ReadAction\",\"target\":[\"https:\/\/www.corazondejesus.edu.pe\/oficial\/index.php\/reglamento-interno\/\"]}]},{\"@type\":\"BreadcrumbList\",\"@id\":\"https:\/\/www.corazondejesus.edu.pe\/oficial\/index.php\/reglamento-interno\/#breadcrumb\",\"itemListElement\":[{\"@type\":\"ListItem\",\"position\":1,\"name\":\"Coraz\u00f3n de Jes\u00fas\",\"item\":\"https:\/\/www.corazondejesus.edu.pe\/oficial\/\"},{\"@type\":\"ListItem\",\"position\":2,\"name\":\"Reglamento Interno\"}]},{\"@type\":\"WebSite\",\"@id\":\"https:\/\/www.corazondejesus.edu.pe\/oficial\/#website\",\"url\":\"https:\/\/www.corazondejesus.edu.pe\/oficial\/\",\"name\":\"Colegio Coraz\u00f3n de Jes\u00fas\",\"description\":\"\",\"publisher\":{\"@id\":\"https:\/\/www.corazondejesus.edu.pe\/oficial\/#organization\"},\"potentialAction\":[{\"@type\":\"SearchAction\",\"target\":{\"@type\":\"EntryPoint\",\"urlTemplate\":\"https:\/\/www.corazondejesus.edu.pe\/oficial\/?s={search_term_string}\"},\"query-input\":{\"@type\":\"PropertyValueSpecification\",\"valueRequired\":true,\"valueName\":\"search_term_string\"}}],\"inLanguage\":\"es\"},{\"@type\":\"Organization\",\"@id\":\"https:\/\/www.corazondejesus.edu.pe\/oficial\/#organization\",\"name\":\"I.E.P Coraz\u00f3n de Jes\u00fas - Jes\u00fas Mar\u00eda\",\"url\":\"https:\/\/www.corazondejesus.edu.pe\/oficial\/\",\"logo\":{\"@type\":\"ImageObject\",\"inLanguage\":\"es\",\"@id\":\"https:\/\/www.corazondejesus.edu.pe\/oficial\/#\/schema\/logo\/image\/\",\"url\":\"https:\/\/www.corazondejesus.edu.pe\/oficial\/wp-content\/uploads\/2020\/11\/logo-2.png\",\"contentUrl\":\"https:\/\/www.corazondejesus.edu.pe\/oficial\/wp-content\/uploads\/2020\/11\/logo-2.png\",\"width\":188,\"height\":72,\"caption\":\"I.E.P Coraz\u00f3n de Jes\u00fas - Jes\u00fas Mar\u00eda\"},\"image\":{\"@id\":\"https:\/\/www.corazondejesus.edu.pe\/oficial\/#\/schema\/logo\/image\/\"},\"sameAs\":[\"https:\/\/www.facebook.com\/cepcorazondejesus\"]}]}<\/script>\n<!-- \/ Yoast SEO plugin. -->","yoast_head_json":{"title":"Reglamento Interno - Colegio Coraz\u00f3n de Jes\u00fas","robots":{"index":"index","follow":"follow","max-snippet":"max-snippet:-1","max-image-preview":"max-image-preview:large","max-video-preview":"max-video-preview:-1"},"canonical":"https:\/\/www.corazondejesus.edu.pe\/oficial\/index.php\/reglamento-interno\/","og_locale":"es_ES","og_type":"article","og_title":"Reglamento Interno - Colegio Coraz\u00f3n de Jes\u00fas","og_description":"Reglamento Interno","og_url":"https:\/\/www.corazondejesus.edu.pe\/oficial\/index.php\/reglamento-interno\/","og_site_name":"Colegio Coraz\u00f3n de Jes\u00fas","article_publisher":"https:\/\/www.facebook.com\/cepcorazondejesus","article_modified_time":"2025-09-26T13:50:13+00:00","twitter_card":"summary_large_image","twitter_misc":{"Tiempo de lectura":"1 minuto"},"schema":{"@context":"https:\/\/schema.org","@graph":[{"@type":"WebPage","@id":"https:\/\/www.corazondejesus.edu.pe\/oficial\/index.php\/reglamento-interno\/","url":"https:\/\/www.corazondejesus.edu.pe\/oficial\/index.php\/reglamento-interno\/","name":"Reglamento Interno - Colegio Coraz\u00f3n de Jes\u00fas","isPartOf":{"@id":"https:\/\/www.corazondejesus.edu.pe\/oficial\/#website"},"datePublished":"2022-09-29T13:24:27+00:00","dateModified":"2025-09-26T13:50:13+00:00","breadcrumb":{"@id":"https:\/\/www.corazondejesus.edu.pe\/oficial\/index.php\/reglamento-interno\/#breadcrumb"},"inLanguage":"es","potentialAction":[{"@type":"ReadAction","target":["https:\/\/www.corazondejesus.edu.pe\/oficial\/index.php\/reglamento-interno\/"]}]},{"@type":"BreadcrumbList","@id":"https:\/\/www.corazondejesus.edu.pe\/oficial\/index.php\/reglamento-interno\/#breadcrumb","itemListElement":[{"@type":"ListItem","position":1,"name":"Coraz\u00f3n de Jes\u00fas","item":"https:\/\/www.corazondejesus.edu.pe\/oficial\/"},{"@type":"ListItem","position":2,"name":"Reglamento Interno"}]},{"@type":"WebSite","@id":"https:\/\/www.corazondejesus.edu.pe\/oficial\/#website","url":"https:\/\/www.corazondejesus.edu.pe\/oficial\/","name":"Colegio Coraz\u00f3n de Jes\u00fas","description":"","publisher":{"@id":"https:\/\/www.corazondejesus.edu.pe\/oficial\/#organization"},"potentialAction":[{"@type":"SearchAction","target":{"@type":"EntryPoint","urlTemplate":"https:\/\/www.corazondejesus.edu.pe\/oficial\/?s={search_term_string}"},"query-input":{"@type":"PropertyValueSpecification","valueRequired":true,"valueName":"search_term_string"}}],"inLanguage":"es"},{"@type":"Organization","@id":"https:\/\/www.corazondejesus.edu.pe\/oficial\/#organization","name":"I.E.P Coraz\u00f3n de Jes\u00fas - Jes\u00fas Mar\u00eda","url":"https:\/\/www.corazondejesus.edu.pe\/oficial\/","logo":{"@type":"ImageObject","inLanguage":"es","@id":"https:\/\/www.corazondejesus.edu.pe\/oficial\/#\/schema\/logo\/image\/","url":"https:\/\/www.corazondejesus.edu.pe\/oficial\/wp-content\/uploads\/2020\/11\/logo-2.png","contentUrl":"https:\/\/www.corazondejesus.edu.pe\/oficial\/wp-content\/uploads\/2020\/11\/logo-2.png","width":188,"height":72,"caption":"I.E.P Coraz\u00f3n de Jes\u00fas - Jes\u00fas Mar\u00eda"},"image":{"@id":"https:\/\/www.corazondejesus.edu.pe\/oficial\/#\/schema\/logo\/image\/"},"sameAs":["https:\/\/www.facebook.com\/cepcorazondejesus"]}]}},"_links":{"self":[{"href":"https:\/\/www.corazondejesus.edu.pe\/oficial\/index.php\/wp-json\/wp\/v2\/pages\/2886","targetHints":{"allow":["GET"]}}],"collection":[{"href":"https:\/\/www.corazondejesus.edu.pe\/oficial\/index.php\/wp-json\/wp\/v2\/pages"}],"about":[{"href":"https:\/\/www.corazondejesus.edu.pe\/oficial\/index.php\/wp-json\/wp\/v2\/types\/page"}],"author":[{"embeddable":true,"href":"https:\/\/www.corazondejesus.edu.pe\/oficial\/index.php\/wp-json\/wp\/v2\/users\/1"}],"replies":[{"embeddable":true,"href":"https:\/\/www.corazondejesus.edu.pe\/oficial\/index.php\/wp-json\/wp\/v2\/comments?post=2886"}],"version-history":[{"count":22,"href":"https:\/\/www.corazondejesus.edu.pe\/oficial\/index.php\/wp-json\/wp\/v2\/pages\/2886\/revisions"}],"predecessor-version":[{"id":4239,"href":"https:\/\/www.corazondejesus.edu.pe\/oficial\/index.php\/wp-json\/wp\/v2\/pages\/2886\/revisions\/4239"}],"wp:attachment":[{"href":"https:\/\/www.corazondejesus.edu.pe\/oficial\/index.php\/wp-json\/wp\/v2\/media?parent=2886"}],"curies":[{"name":"wp","href":"https:\/\/api.w.org\/{rel}","templated":true}]}}