{"id":345,"date":"2020-11-14T21:02:55","date_gmt":"2020-11-15T02:02:55","guid":{"rendered":"https:\/\/www.corazondejesus.edu.pe\/oficial\/?page_id=345"},"modified":"2024-12-30T18:25:04","modified_gmt":"2024-12-30T23:25:04","slug":"servicios","status":"publish","type":"page","link":"https:\/\/www.corazondejesus.edu.pe\/oficial\/index.php\/servicios\/","title":{"rendered":"Talleres"},"content":{"rendered":"\t\t<div data-elementor-type=\"wp-page\" data-elementor-id=\"345\" class=\"elementor elementor-345\">\n\t\t\t\t\t\t<section class=\"elementor-section elementor-top-section elementor-element elementor-element-26d90d5 elementor-section-boxed elementor-section-height-default elementor-section-height-default\" data-id=\"26d90d5\" data-element_type=\"section\">\n\t\t\t\t\t\t<div class=\"elementor-container elementor-column-gap-default\">\n\t\t\t\t\t<div class=\"elementor-column elementor-col-100 elementor-top-column elementor-element elementor-element-f8310b7\" data-id=\"f8310b7\" data-element_type=\"column\">\n\t\t\t<div class=\"elementor-widget-wrap elementor-element-populated\">\n\t\t\t\t\t\t<div class=\"elementor-element elementor-element-01d8cfd elementor-widget elementor-widget-heading\" data-id=\"01d8cfd\" data-element_type=\"widget\" data-widget_type=\"heading.default\">\n\t\t\t\t<div class=\"elementor-widget-container\">\n\t\t\t<h2 class=\"elementor-heading-title elementor-size-default\">Arte y Cultura<\/h2>\t\t<\/div>\n\t\t\t\t<\/div>\n\t\t\t\t\t<\/div>\n\t\t<\/div>\n\t\t\t\t\t<\/div>\n\t\t<\/section>\n\t\t\t\t<section class=\"elementor-section elementor-top-section elementor-element elementor-element-04a9578 elementor-section-boxed elementor-section-height-default elementor-section-height-default\" data-id=\"04a9578\" data-element_type=\"section\">\n\t\t\t\t\t\t<div class=\"elementor-container elementor-column-gap-default\">\n\t\t\t\t\t<div class=\"elementor-column elementor-col-100 elementor-top-column elementor-element elementor-element-23f5d5e\" data-id=\"23f5d5e\" data-element_type=\"column\">\n\t\t\t<div class=\"elementor-widget-wrap elementor-element-populated\">\n\t\t\t\t\t\t<div class=\"elementor-element elementor-element-627eb09 elementor-widget elementor-widget-spacer\" data-id=\"627eb09\" data-element_type=\"widget\" data-widget_type=\"spacer.default\">\n\t\t\t\t<div class=\"elementor-widget-container\">\n\t\t\t\t\t<div class=\"elementor-spacer\">\n\t\t\t<div class=\"elementor-spacer-inner\"><\/div>\n\t\t<\/div>\n\t\t\t\t<\/div>\n\t\t\t\t<\/div>\n\t\t\t\t\t<\/div>\n\t\t<\/div>\n\t\t\t\t\t<\/div>\n\t\t<\/section>\n\t\t\t\t<section class=\"elementor-section elementor-top-section elementor-element elementor-element-c3b5a3c elementor-section-boxed elementor-section-height-default elementor-section-height-default\" data-id=\"c3b5a3c\" data-element_type=\"section\">\n\t\t\t\t\t\t<div class=\"elementor-container elementor-column-gap-default\">\n\t\t\t\t\t<div class=\"elementor-column elementor-col-100 elementor-top-column elementor-element elementor-element-8cfe0dd\" data-id=\"8cfe0dd\" data-element_type=\"column\">\n\t\t\t<div class=\"elementor-widget-wrap elementor-element-populated\">\n\t\t\t\t\t\t<div class=\"elementor-element elementor-element-d1b4d53 elementor-widget elementor-widget-text-editor\" data-id=\"d1b4d53\" data-element_type=\"widget\" data-widget_type=\"text-editor.default\">\n\t\t\t\t<div class=\"elementor-widget-container\">\n\t\t\t\t\t\t\t<p data-sourcepos=\"19:1-19:365\">\u00a0se constituyen como una actividad pedag\u00f3gica de gran relevancia, ya que fomentan un aprendizaje integral y activo en los ni\u00f1os. Al permitir la libre elecci\u00f3n de actividades y el trabajo colaborativo. Las actividades de Arte y Cultura despiertan los intereses individuales y promueven el desarrollo de habilidades sociales como la comunicaci\u00f3n, la cooperaci\u00f3n y la autonom\u00eda.<\/p><p data-sourcepos=\"21:1-21:80\">En este contexto, Las actividades de Arte y Cultura se convierten en espacios donde los ni\u00f1os pueden:<\/p><ul data-sourcepos=\"23:1-27:0\"><li data-sourcepos=\"23:1-23:150\"><strong>Explorar sus intereses:<\/strong> Al elegir las actividades que desean realizar, los ni\u00f1os se sienten motivados y comprometidos con su propio aprendizaje.<\/li><li data-sourcepos=\"24:1-24:183\"><strong>Desarrollar habilidades sociales:<\/strong> El trabajo en grupo fomenta la interacci\u00f3n, el respeto por las opiniones de los dem\u00e1s y la capacidad de resolver conflictos de manera pac\u00edfica.<\/li><li data-sourcepos=\"25:1-25:196\"><strong>Construir conocimientos de manera significativa:<\/strong> A trav\u00e9s de experiencias pr\u00e1cticas y la resoluci\u00f3n de problemas, los ni\u00f1os adquieren conocimientos que son relevantes para su vida cotidiana.<\/li><li data-sourcepos=\"26:1-27:0\"><strong>Fomentar la creatividad y la expresi\u00f3n:<\/strong> Los talleres ofrecen un ambiente propicio para la experimentaci\u00f3n y la exploraci\u00f3n de nuevas ideas.<\/li><\/ul><div>\u00a0<\/div><p data-sourcepos=\"28:1-28:357\">La figura del docente en un taller es fundamental. Adem\u00e1s de proporcionar los materiales y recursos necesarios, el docente act\u00faa como mediador, guiando el aprendizaje de los ni\u00f1os y fomentando su pensamiento cr\u00edtico. Asimismo, el docente organiza el espacio y el tiempo de manera flexible, adapt\u00e1ndose a las necesidades y ritmos de aprendizaje de cada ni\u00f1o.<\/p><p data-sourcepos=\"30:1-30:307\">En conclusi\u00f3n, los talleres son una herramienta pedag\u00f3gica invaluable que contribuye al desarrollo integral de los ni\u00f1os. Al combinar la teor\u00eda con la pr\u00e1ctica, la individualidad con la colaboraci\u00f3n, y la libertad con la estructura, los talleres ofrecen un ambiente de aprendizaje enriquecedor y motivador.<\/p>\t\t\t\t\t\t<\/div>\n\t\t\t\t<\/div>\n\t\t\t\t\t<\/div>\n\t\t<\/div>\n\t\t\t\t\t<\/div>\n\t\t<\/section>\n\t\t\t\t<\/div>\n\t\t","protected":false},"excerpt":{"rendered":"<p>Arte y Cultura \u00a0se constituyen como una actividad pedag\u00f3gica de [&hellip;]<\/p>\n","protected":false},"author":1,"featured_media":0,"parent":0,"menu_order":0,"comment_status":"closed","ping_status":"closed","template":"","meta":{"footnotes":""},"class_list":["post-345","page","type-page","status-publish","hentry"],"yoast_head":"<!-- This site is optimized with the Yoast SEO plugin v23.8 - https:\/\/yoast.com\/wordpress\/plugins\/seo\/ -->\n<title>Talleres - Colegio Coraz\u00f3n de Jes\u00fas<\/title>\n<meta name=\"robots\" content=\"index, follow, max-snippet:-1, max-image-preview:large, max-video-preview:-1\" \/>\n<link rel=\"canonical\" href=\"https:\/\/www.corazondejesus.edu.pe\/oficial\/index.php\/servicios\/\" \/>\n<meta property=\"og:locale\" content=\"es_ES\" \/>\n<meta property=\"og:type\" content=\"article\" \/>\n<meta property=\"og:title\" content=\"Talleres - Colegio Coraz\u00f3n de Jes\u00fas\" \/>\n<meta property=\"og:description\" content=\"Arte y Cultura \u00a0se constituyen como una actividad pedag\u00f3gica de [&hellip;]\" \/>\n<meta property=\"og:url\" content=\"https:\/\/www.corazondejesus.edu.pe\/oficial\/index.php\/servicios\/\" \/>\n<meta property=\"og:site_name\" content=\"Colegio Coraz\u00f3n de Jes\u00fas\" \/>\n<meta property=\"article:publisher\" content=\"https:\/\/www.facebook.com\/cepcorazondejesus\" \/>\n<meta property=\"article:modified_time\" content=\"2024-12-30T23:25:04+00:00\" \/>\n<meta name=\"twitter:card\" content=\"summary_large_image\" \/>\n<meta name=\"twitter:label1\" content=\"Tiempo de lectura\" \/>\n\t<meta name=\"twitter:data1\" content=\"2 minutos\" \/>\n<script type=\"application\/ld+json\" class=\"yoast-schema-graph\">{\"@context\":\"https:\/\/schema.org\",\"@graph\":[{\"@type\":\"WebPage\",\"@id\":\"https:\/\/www.corazondejesus.edu.pe\/oficial\/index.php\/servicios\/\",\"url\":\"https:\/\/www.corazondejesus.edu.pe\/oficial\/index.php\/servicios\/\",\"name\":\"Talleres - Colegio Coraz\u00f3n de Jes\u00fas\",\"isPartOf\":{\"@id\":\"https:\/\/www.corazondejesus.edu.pe\/oficial\/#website\"},\"datePublished\":\"2020-11-15T02:02:55+00:00\",\"dateModified\":\"2024-12-30T23:25:04+00:00\",\"breadcrumb\":{\"@id\":\"https:\/\/www.corazondejesus.edu.pe\/oficial\/index.php\/servicios\/#breadcrumb\"},\"inLanguage\":\"es\",\"potentialAction\":[{\"@type\":\"ReadAction\",\"target\":[\"https:\/\/www.corazondejesus.edu.pe\/oficial\/index.php\/servicios\/\"]}]},{\"@type\":\"BreadcrumbList\",\"@id\":\"https:\/\/www.corazondejesus.edu.pe\/oficial\/index.php\/servicios\/#breadcrumb\",\"itemListElement\":[{\"@type\":\"ListItem\",\"position\":1,\"name\":\"Coraz\u00f3n de Jes\u00fas\",\"item\":\"https:\/\/www.corazondejesus.edu.pe\/oficial\/\"},{\"@type\":\"ListItem\",\"position\":2,\"name\":\"Talleres\"}]},{\"@type\":\"WebSite\",\"@id\":\"https:\/\/www.corazondejesus.edu.pe\/oficial\/#website\",\"url\":\"https:\/\/www.corazondejesus.edu.pe\/oficial\/\",\"name\":\"Colegio Coraz\u00f3n de Jes\u00fas\",\"description\":\"\",\"publisher\":{\"@id\":\"https:\/\/www.corazondejesus.edu.pe\/oficial\/#organization\"},\"potentialAction\":[{\"@type\":\"SearchAction\",\"target\":{\"@type\":\"EntryPoint\",\"urlTemplate\":\"https:\/\/www.corazondejesus.edu.pe\/oficial\/?s={search_term_string}\"},\"query-input\":{\"@type\":\"PropertyValueSpecification\",\"valueRequired\":true,\"valueName\":\"search_term_string\"}}],\"inLanguage\":\"es\"},{\"@type\":\"Organization\",\"@id\":\"https:\/\/www.corazondejesus.edu.pe\/oficial\/#organization\",\"name\":\"I.E.P Coraz\u00f3n de Jes\u00fas - Jes\u00fas Mar\u00eda\",\"url\":\"https:\/\/www.corazondejesus.edu.pe\/oficial\/\",\"logo\":{\"@type\":\"ImageObject\",\"inLanguage\":\"es\",\"@id\":\"https:\/\/www.corazondejesus.edu.pe\/oficial\/#\/schema\/logo\/image\/\",\"url\":\"https:\/\/www.corazondejesus.edu.pe\/oficial\/wp-content\/uploads\/2020\/11\/logo-2.png\",\"contentUrl\":\"https:\/\/www.corazondejesus.edu.pe\/oficial\/wp-content\/uploads\/2020\/11\/logo-2.png\",\"width\":188,\"height\":72,\"caption\":\"I.E.P Coraz\u00f3n de Jes\u00fas - Jes\u00fas Mar\u00eda\"},\"image\":{\"@id\":\"https:\/\/www.corazondejesus.edu.pe\/oficial\/#\/schema\/logo\/image\/\"},\"sameAs\":[\"https:\/\/www.facebook.com\/cepcorazondejesus\"]}]}<\/script>\n<!-- \/ Yoast SEO plugin. -->","yoast_head_json":{"title":"Talleres - Colegio Coraz\u00f3n de Jes\u00fas","robots":{"index":"index","follow":"follow","max-snippet":"max-snippet:-1","max-image-preview":"max-image-preview:large","max-video-preview":"max-video-preview:-1"},"canonical":"https:\/\/www.corazondejesus.edu.pe\/oficial\/index.php\/servicios\/","og_locale":"es_ES","og_type":"article","og_title":"Talleres - Colegio Coraz\u00f3n de Jes\u00fas","og_description":"Arte y Cultura \u00a0se constituyen como una actividad pedag\u00f3gica de [&hellip;]","og_url":"https:\/\/www.corazondejesus.edu.pe\/oficial\/index.php\/servicios\/","og_site_name":"Colegio Coraz\u00f3n de Jes\u00fas","article_publisher":"https:\/\/www.facebook.com\/cepcorazondejesus","article_modified_time":"2024-12-30T23:25:04+00:00","twitter_card":"summary_large_image","twitter_misc":{"Tiempo de lectura":"2 minutos"},"schema":{"@context":"https:\/\/schema.org","@graph":[{"@type":"WebPage","@id":"https:\/\/www.corazondejesus.edu.pe\/oficial\/index.php\/servicios\/","url":"https:\/\/www.corazondejesus.edu.pe\/oficial\/index.php\/servicios\/","name":"Talleres - Colegio Coraz\u00f3n de Jes\u00fas","isPartOf":{"@id":"https:\/\/www.corazondejesus.edu.pe\/oficial\/#website"},"datePublished":"2020-11-15T02:02:55+00:00","dateModified":"2024-12-30T23:25:04+00:00","breadcrumb":{"@id":"https:\/\/www.corazondejesus.edu.pe\/oficial\/index.php\/servicios\/#breadcrumb"},"inLanguage":"es","potentialAction":[{"@type":"ReadAction","target":["https:\/\/www.corazondejesus.edu.pe\/oficial\/index.php\/servicios\/"]}]},{"@type":"BreadcrumbList","@id":"https:\/\/www.corazondejesus.edu.pe\/oficial\/index.php\/servicios\/#breadcrumb","itemListElement":[{"@type":"ListItem","position":1,"name":"Coraz\u00f3n de Jes\u00fas","item":"https:\/\/www.corazondejesus.edu.pe\/oficial\/"},{"@type":"ListItem","position":2,"name":"Talleres"}]},{"@type":"WebSite","@id":"https:\/\/www.corazondejesus.edu.pe\/oficial\/#website","url":"https:\/\/www.corazondejesus.edu.pe\/oficial\/","name":"Colegio Coraz\u00f3n de Jes\u00fas","description":"","publisher":{"@id":"https:\/\/www.corazondejesus.edu.pe\/oficial\/#organization"},"potentialAction":[{"@type":"SearchAction","target":{"@type":"EntryPoint","urlTemplate":"https:\/\/www.corazondejesus.edu.pe\/oficial\/?s={search_term_string}"},"query-input":{"@type":"PropertyValueSpecification","valueRequired":true,"valueName":"search_term_string"}}],"inLanguage":"es"},{"@type":"Organization","@id":"https:\/\/www.corazondejesus.edu.pe\/oficial\/#organization","name":"I.E.P Coraz\u00f3n de Jes\u00fas - Jes\u00fas Mar\u00eda","url":"https:\/\/www.corazondejesus.edu.pe\/oficial\/","logo":{"@type":"ImageObject","inLanguage":"es","@id":"https:\/\/www.corazondejesus.edu.pe\/oficial\/#\/schema\/logo\/image\/","url":"https:\/\/www.corazondejesus.edu.pe\/oficial\/wp-content\/uploads\/2020\/11\/logo-2.png","contentUrl":"https:\/\/www.corazondejesus.edu.pe\/oficial\/wp-content\/uploads\/2020\/11\/logo-2.png","width":188,"height":72,"caption":"I.E.P Coraz\u00f3n de Jes\u00fas - Jes\u00fas Mar\u00eda"},"image":{"@id":"https:\/\/www.corazondejesus.edu.pe\/oficial\/#\/schema\/logo\/image\/"},"sameAs":["https:\/\/www.facebook.com\/cepcorazondejesus"]}]}},"_links":{"self":[{"href":"https:\/\/www.corazondejesus.edu.pe\/oficial\/index.php\/wp-json\/wp\/v2\/pages\/345","targetHints":{"allow":["GET"]}}],"collection":[{"href":"https:\/\/www.corazondejesus.edu.pe\/oficial\/index.php\/wp-json\/wp\/v2\/pages"}],"about":[{"href":"https:\/\/www.corazondejesus.edu.pe\/oficial\/index.php\/wp-json\/wp\/v2\/types\/page"}],"author":[{"embeddable":true,"href":"https:\/\/www.corazondejesus.edu.pe\/oficial\/index.php\/wp-json\/wp\/v2\/users\/1"}],"replies":[{"embeddable":true,"href":"https:\/\/www.corazondejesus.edu.pe\/oficial\/index.php\/wp-json\/wp\/v2\/comments?post=345"}],"version-history":[{"count":23,"href":"https:\/\/www.corazondejesus.edu.pe\/oficial\/index.php\/wp-json\/wp\/v2\/pages\/345\/revisions"}],"predecessor-version":[{"id":4154,"href":"https:\/\/www.corazondejesus.edu.pe\/oficial\/index.php\/wp-json\/wp\/v2\/pages\/345\/revisions\/4154"}],"wp:attachment":[{"href":"https:\/\/www.corazondejesus.edu.pe\/oficial\/index.php\/wp-json\/wp\/v2\/media?parent=345"}],"curies":[{"name":"wp","href":"https:\/\/api.w.org\/{rel}","templated":true}]}}