{"id":3878,"date":"2024-11-17T20:54:55","date_gmt":"2024-11-18T01:54:55","guid":{"rendered":"https:\/\/www.corazondejesus.edu.pe\/oficial\/?page_id=3878"},"modified":"2024-11-17T20:55:12","modified_gmt":"2024-11-18T01:55:12","slug":"niveles","status":"publish","type":"page","link":"https:\/\/www.corazondejesus.edu.pe\/oficial\/index.php\/niveles\/","title":{"rendered":"Niveles"},"content":{"rendered":"","protected":false},"excerpt":{"rendered":"","protected":false},"author":1,"featured_media":0,"parent":0,"menu_order":0,"comment_status":"closed","ping_status":"closed","template":"","meta":{"footnotes":""},"class_list":["post-3878","page","type-page","status-publish","hentry"],"yoast_head":"<!-- This site is optimized with the Yoast SEO plugin v23.8 - https:\/\/yoast.com\/wordpress\/plugins\/seo\/ -->\n<title>Niveles - Colegio Coraz\u00f3n de Jes\u00fas<\/title>\n<meta name=\"robots\" content=\"index, follow, max-snippet:-1, max-image-preview:large, max-video-preview:-1\" \/>\n<link rel=\"canonical\" href=\"https:\/\/www.corazondejesus.edu.pe\/oficial\/index.php\/niveles\/\" \/>\n<meta property=\"og:locale\" content=\"es_ES\" \/>\n<meta property=\"og:type\" content=\"article\" \/>\n<meta property=\"og:title\" content=\"Niveles - Colegio Coraz\u00f3n de Jes\u00fas\" \/>\n<meta property=\"og:url\" content=\"https:\/\/www.corazondejesus.edu.pe\/oficial\/index.php\/niveles\/\" \/>\n<meta property=\"og:site_name\" content=\"Colegio Coraz\u00f3n de Jes\u00fas\" \/>\n<meta property=\"article:publisher\" content=\"https:\/\/www.facebook.com\/cepcorazondejesus\" \/>\n<meta property=\"article:modified_time\" content=\"2024-11-18T01:55:12+00:00\" \/>\n<meta name=\"twitter:card\" content=\"summary_large_image\" \/>\n<script type=\"application\/ld+json\" class=\"yoast-schema-graph\">{\"@context\":\"https:\/\/schema.org\",\"@graph\":[{\"@type\":\"WebPage\",\"@id\":\"https:\/\/www.corazondejesus.edu.pe\/oficial\/index.php\/niveles\/\",\"url\":\"https:\/\/www.corazondejesus.edu.pe\/oficial\/index.php\/niveles\/\",\"name\":\"Niveles - Colegio Coraz\u00f3n de Jes\u00fas\",\"isPartOf\":{\"@id\":\"https:\/\/www.corazondejesus.edu.pe\/oficial\/#website\"},\"datePublished\":\"2024-11-18T01:54:55+00:00\",\"dateModified\":\"2024-11-18T01:55:12+00:00\",\"breadcrumb\":{\"@id\":\"https:\/\/www.corazondejesus.edu.pe\/oficial\/index.php\/niveles\/#breadcrumb\"},\"inLanguage\":\"es\",\"potentialAction\":[{\"@type\":\"ReadAction\",\"target\":[\"https:\/\/www.corazondejesus.edu.pe\/oficial\/index.php\/niveles\/\"]}]},{\"@type\":\"BreadcrumbList\",\"@id\":\"https:\/\/www.corazondejesus.edu.pe\/oficial\/index.php\/niveles\/#breadcrumb\",\"itemListElement\":[{\"@type\":\"ListItem\",\"position\":1,\"name\":\"Coraz\u00f3n de Jes\u00fas\",\"item\":\"https:\/\/www.corazondejesus.edu.pe\/oficial\/\"},{\"@type\":\"ListItem\",\"position\":2,\"name\":\"Niveles\"}]},{\"@type\":\"WebSite\",\"@id\":\"https:\/\/www.corazondejesus.edu.pe\/oficial\/#website\",\"url\":\"https:\/\/www.corazondejesus.edu.pe\/oficial\/\",\"name\":\"Colegio Coraz\u00f3n de Jes\u00fas\",\"description\":\"\",\"publisher\":{\"@id\":\"https:\/\/www.corazondejesus.edu.pe\/oficial\/#organization\"},\"potentialAction\":[{\"@type\":\"SearchAction\",\"target\":{\"@type\":\"EntryPoint\",\"urlTemplate\":\"https:\/\/www.corazondejesus.edu.pe\/oficial\/?s={search_term_string}\"},\"query-input\":{\"@type\":\"PropertyValueSpecification\",\"valueRequired\":true,\"valueName\":\"search_term_string\"}}],\"inLanguage\":\"es\"},{\"@type\":\"Organization\",\"@id\":\"https:\/\/www.corazondejesus.edu.pe\/oficial\/#organization\",\"name\":\"I.E.P Coraz\u00f3n de Jes\u00fas - Jes\u00fas Mar\u00eda\",\"url\":\"https:\/\/www.corazondejesus.edu.pe\/oficial\/\",\"logo\":{\"@type\":\"ImageObject\",\"inLanguage\":\"es\",\"@id\":\"https:\/\/www.corazondejesus.edu.pe\/oficial\/#\/schema\/logo\/image\/\",\"url\":\"https:\/\/www.corazondejesus.edu.pe\/oficial\/wp-content\/uploads\/2020\/11\/logo-2.png\",\"contentUrl\":\"https:\/\/www.corazondejesus.edu.pe\/oficial\/wp-content\/uploads\/2020\/11\/logo-2.png\",\"width\":188,\"height\":72,\"caption\":\"I.E.P Coraz\u00f3n de Jes\u00fas - Jes\u00fas Mar\u00eda\"},\"image\":{\"@id\":\"https:\/\/www.corazondejesus.edu.pe\/oficial\/#\/schema\/logo\/image\/\"},\"sameAs\":[\"https:\/\/www.facebook.com\/cepcorazondejesus\"]}]}<\/script>\n<!-- \/ Yoast SEO plugin. -->","yoast_head_json":{"title":"Niveles - Colegio Coraz\u00f3n de Jes\u00fas","robots":{"index":"index","follow":"follow","max-snippet":"max-snippet:-1","max-image-preview":"max-image-preview:large","max-video-preview":"max-video-preview:-1"},"canonical":"https:\/\/www.corazondejesus.edu.pe\/oficial\/index.php\/niveles\/","og_locale":"es_ES","og_type":"article","og_title":"Niveles - Colegio Coraz\u00f3n de Jes\u00fas","og_url":"https:\/\/www.corazondejesus.edu.pe\/oficial\/index.php\/niveles\/","og_site_name":"Colegio Coraz\u00f3n de Jes\u00fas","article_publisher":"https:\/\/www.facebook.com\/cepcorazondejesus","article_modified_time":"2024-11-18T01:55:12+00:00","twitter_card":"summary_large_image","schema":{"@context":"https:\/\/schema.org","@graph":[{"@type":"WebPage","@id":"https:\/\/www.corazondejesus.edu.pe\/oficial\/index.php\/niveles\/","url":"https:\/\/www.corazondejesus.edu.pe\/oficial\/index.php\/niveles\/","name":"Niveles - Colegio Coraz\u00f3n de Jes\u00fas","isPartOf":{"@id":"https:\/\/www.corazondejesus.edu.pe\/oficial\/#website"},"datePublished":"2024-11-18T01:54:55+00:00","dateModified":"2024-11-18T01:55:12+00:00","breadcrumb":{"@id":"https:\/\/www.corazondejesus.edu.pe\/oficial\/index.php\/niveles\/#breadcrumb"},"inLanguage":"es","potentialAction":[{"@type":"ReadAction","target":["https:\/\/www.corazondejesus.edu.pe\/oficial\/index.php\/niveles\/"]}]},{"@type":"BreadcrumbList","@id":"https:\/\/www.corazondejesus.edu.pe\/oficial\/index.php\/niveles\/#breadcrumb","itemListElement":[{"@type":"ListItem","position":1,"name":"Coraz\u00f3n de Jes\u00fas","item":"https:\/\/www.corazondejesus.edu.pe\/oficial\/"},{"@type":"ListItem","position":2,"name":"Niveles"}]},{"@type":"WebSite","@id":"https:\/\/www.corazondejesus.edu.pe\/oficial\/#website","url":"https:\/\/www.corazondejesus.edu.pe\/oficial\/","name":"Colegio Coraz\u00f3n de Jes\u00fas","description":"","publisher":{"@id":"https:\/\/www.corazondejesus.edu.pe\/oficial\/#organization"},"potentialAction":[{"@type":"SearchAction","target":{"@type":"EntryPoint","urlTemplate":"https:\/\/www.corazondejesus.edu.pe\/oficial\/?s={search_term_string}"},"query-input":{"@type":"PropertyValueSpecification","valueRequired":true,"valueName":"search_term_string"}}],"inLanguage":"es"},{"@type":"Organization","@id":"https:\/\/www.corazondejesus.edu.pe\/oficial\/#organization","name":"I.E.P Coraz\u00f3n de Jes\u00fas - Jes\u00fas Mar\u00eda","url":"https:\/\/www.corazondejesus.edu.pe\/oficial\/","logo":{"@type":"ImageObject","inLanguage":"es","@id":"https:\/\/www.corazondejesus.edu.pe\/oficial\/#\/schema\/logo\/image\/","url":"https:\/\/www.corazondejesus.edu.pe\/oficial\/wp-content\/uploads\/2020\/11\/logo-2.png","contentUrl":"https:\/\/www.corazondejesus.edu.pe\/oficial\/wp-content\/uploads\/2020\/11\/logo-2.png","width":188,"height":72,"caption":"I.E.P Coraz\u00f3n de Jes\u00fas - Jes\u00fas Mar\u00eda"},"image":{"@id":"https:\/\/www.corazondejesus.edu.pe\/oficial\/#\/schema\/logo\/image\/"},"sameAs":["https:\/\/www.facebook.com\/cepcorazondejesus"]}]}},"_links":{"self":[{"href":"https:\/\/www.corazondejesus.edu.pe\/oficial\/index.php\/wp-json\/wp\/v2\/pages\/3878","targetHints":{"allow":["GET"]}}],"collection":[{"href":"https:\/\/www.corazondejesus.edu.pe\/oficial\/index.php\/wp-json\/wp\/v2\/pages"}],"about":[{"href":"https:\/\/www.corazondejesus.edu.pe\/oficial\/index.php\/wp-json\/wp\/v2\/types\/page"}],"author":[{"embeddable":true,"href":"https:\/\/www.corazondejesus.edu.pe\/oficial\/index.php\/wp-json\/wp\/v2\/users\/1"}],"replies":[{"embeddable":true,"href":"https:\/\/www.corazondejesus.edu.pe\/oficial\/index.php\/wp-json\/wp\/v2\/comments?post=3878"}],"version-history":[{"count":4,"href":"https:\/\/www.corazondejesus.edu.pe\/oficial\/index.php\/wp-json\/wp\/v2\/pages\/3878\/revisions"}],"predecessor-version":[{"id":3883,"href":"https:\/\/www.corazondejesus.edu.pe\/oficial\/index.php\/wp-json\/wp\/v2\/pages\/3878\/revisions\/3883"}],"wp:attachment":[{"href":"https:\/\/www.corazondejesus.edu.pe\/oficial\/index.php\/wp-json\/wp\/v2\/media?parent=3878"}],"curies":[{"name":"wp","href":"https:\/\/api.w.org\/{rel}","templated":true}]}}