{"id":695,"date":"2020-11-25T23:45:37","date_gmt":"2020-11-26T04:45:37","guid":{"rendered":"https:\/\/www.corazondejesus.edu.pe\/oficial\/?page_id=695"},"modified":"2025-09-24T11:05:49","modified_gmt":"2025-09-24T16:05:49","slug":"documentos","status":"publish","type":"page","link":"https:\/\/www.corazondejesus.edu.pe\/oficial\/index.php\/documentos\/","title":{"rendered":"Documentos"},"content":{"rendered":"\t\t<div data-elementor-type=\"wp-page\" data-elementor-id=\"695\" class=\"elementor elementor-695\">\n\t\t\t\t\t\t<section class=\"elementor-section elementor-top-section elementor-element elementor-element-e434b5f elementor-section-boxed elementor-section-height-default elementor-section-height-default\" data-id=\"e434b5f\" data-element_type=\"section\">\n\t\t\t\t\t\t<div class=\"elementor-container elementor-column-gap-default\">\n\t\t\t\t\t<div class=\"elementor-column elementor-col-100 elementor-top-column elementor-element elementor-element-d3f8367\" data-id=\"d3f8367\" data-element_type=\"column\">\n\t\t\t<div class=\"elementor-widget-wrap elementor-element-populated\">\n\t\t\t\t\t\t<div class=\"elementor-element elementor-element-6c28b24 elementor-widget elementor-widget-heading\" data-id=\"6c28b24\" data-element_type=\"widget\" data-widget_type=\"heading.default\">\n\t\t\t\t<div class=\"elementor-widget-container\">\n\t\t\t<h2 class=\"elementor-heading-title elementor-size-default\">Escr\u00edbenos para informes<\/h2>\t\t<\/div>\n\t\t\t\t<\/div>\n\t\t\t\t\t<\/div>\n\t\t<\/div>\n\t\t\t\t\t<\/div>\n\t\t<\/section>\n\t\t\t\t<section class=\"elementor-section elementor-top-section elementor-element elementor-element-ee5aa33 elementor-section-boxed elementor-section-height-default elementor-section-height-default\" data-id=\"ee5aa33\" data-element_type=\"section\">\n\t\t\t\t\t\t<div class=\"elementor-container elementor-column-gap-default\">\n\t\t\t\t\t<div class=\"elementor-column elementor-col-100 elementor-top-column elementor-element elementor-element-df9823f\" data-id=\"df9823f\" data-element_type=\"column\">\n\t\t\t<div class=\"elementor-widget-wrap elementor-element-populated\">\n\t\t\t\t\t\t<div class=\"elementor-element elementor-element-a78bede elementor-widget elementor-widget-text-editor\" data-id=\"a78bede\" data-element_type=\"widget\" data-widget_type=\"text-editor.default\">\n\t\t\t\t<div class=\"elementor-widget-container\">\n\t\t\t\t\t\t\t<p>admision@corazondejesus.edu.pe<\/p>\t\t\t\t\t\t<\/div>\n\t\t\t\t<\/div>\n\t\t\t\t\t<\/div>\n\t\t<\/div>\n\t\t\t\t\t<\/div>\n\t\t<\/section>\n\t\t\t\t<section class=\"elementor-section elementor-top-section elementor-element elementor-element-4f93bbe elementor-section-boxed elementor-section-height-default elementor-section-height-default\" data-id=\"4f93bbe\" data-element_type=\"section\">\n\t\t\t\t\t\t<div class=\"elementor-container elementor-column-gap-default\">\n\t\t\t\t\t<div class=\"elementor-column elementor-col-100 elementor-top-column elementor-element elementor-element-253ddaa\" data-id=\"253ddaa\" data-element_type=\"column\">\n\t\t\t<div class=\"elementor-widget-wrap\">\n\t\t\t\t\t\t\t<\/div>\n\t\t<\/div>\n\t\t\t\t\t<\/div>\n\t\t<\/section>\n\t\t\t\t<section class=\"elementor-section elementor-top-section elementor-element elementor-element-85297bd elementor-section-boxed elementor-section-height-default elementor-section-height-default\" data-id=\"85297bd\" data-element_type=\"section\">\n\t\t\t\t\t\t<div class=\"elementor-container elementor-column-gap-default\">\n\t\t\t\t\t<div class=\"elementor-column elementor-col-16 elementor-top-column elementor-element elementor-element-f8ae534\" data-id=\"f8ae534\" data-element_type=\"column\">\n\t\t\t<div class=\"elementor-widget-wrap\">\n\t\t\t\t\t\t\t<\/div>\n\t\t<\/div>\n\t\t\t\t<div class=\"elementor-column elementor-col-66 elementor-top-column elementor-element elementor-element-bf44298\" data-id=\"bf44298\" data-element_type=\"column\">\n\t\t\t<div class=\"elementor-widget-wrap elementor-element-populated\">\n\t\t\t\t\t\t<div class=\"elementor-element elementor-element-dbbe3a2 elementor-widget elementor-widget-heading\" data-id=\"dbbe3a2\" data-element_type=\"widget\" data-widget_type=\"heading.default\">\n\t\t\t\t<div class=\"elementor-widget-container\">\n\t\t\t<h2 class=\"elementor-heading-title elementor-size-default\">Requisitos<\/h2>\t\t<\/div>\n\t\t\t\t<\/div>\n\t\t\t\t\t<\/div>\n\t\t<\/div>\n\t\t\t\t<div class=\"elementor-column elementor-col-16 elementor-top-column elementor-element elementor-element-58898e3\" data-id=\"58898e3\" data-element_type=\"column\">\n\t\t\t<div class=\"elementor-widget-wrap\">\n\t\t\t\t\t\t\t<\/div>\n\t\t<\/div>\n\t\t\t\t\t<\/div>\n\t\t<\/section>\n\t\t\t\t<section class=\"elementor-section elementor-top-section elementor-element elementor-element-219d5d0 elementor-section-boxed elementor-section-height-default elementor-section-height-default\" data-id=\"219d5d0\" data-element_type=\"section\">\n\t\t\t\t\t\t<div class=\"elementor-container elementor-column-gap-default\">\n\t\t\t\t\t<div class=\"elementor-column elementor-col-100 elementor-top-column elementor-element elementor-element-03d9647\" data-id=\"03d9647\" data-element_type=\"column\">\n\t\t\t<div class=\"elementor-widget-wrap\">\n\t\t\t\t\t\t\t<\/div>\n\t\t<\/div>\n\t\t\t\t\t<\/div>\n\t\t<\/section>\n\t\t\t\t<section class=\"elementor-section elementor-top-section elementor-element elementor-element-a3f4fab elementor-section-boxed elementor-section-height-default elementor-section-height-default\" data-id=\"a3f4fab\" data-element_type=\"section\">\n\t\t\t\t\t\t<div class=\"elementor-container elementor-column-gap-default\">\n\t\t\t\t\t<div class=\"elementor-column elementor-col-16 elementor-top-column elementor-element elementor-element-5d578bb\" data-id=\"5d578bb\" data-element_type=\"column\">\n\t\t\t<div class=\"elementor-widget-wrap\">\n\t\t\t\t\t\t\t<\/div>\n\t\t<\/div>\n\t\t\t\t<div class=\"elementor-column elementor-col-66 elementor-top-column elementor-element elementor-element-1e8ec5c\" data-id=\"1e8ec5c\" data-element_type=\"column\">\n\t\t\t<div class=\"elementor-widget-wrap elementor-element-populated\">\n\t\t\t\t\t\t<div class=\"elementor-element elementor-element-db596ec elementor-widget elementor-widget-text-editor\" data-id=\"db596ec\" data-element_type=\"widget\" data-widget_type=\"text-editor.default\">\n\t\t\t\t<div class=\"elementor-widget-container\">\n\t\t\t\t\t\t\t<p style=\"text-align: center;\">Certificado de estudios.<\/p><p style=\"text-align: center;\">C\u00f3digo modular y C\u00f3digo del estudiante.<\/p><p style=\"text-align: center;\">Partida de nacimiento original.<\/p><p style=\"text-align: center;\">Certificado m\u00e9dico.<\/p><p style=\"text-align: center;\">DNI del postulante.<\/p><p style=\"text-align: center;\">DNI del Padre y Madre.<\/p><p style=\"text-align: center;\">Carta de no adeudo colegio precedente.<\/p><p style=\"text-align: center;\">3 \u00faltimas boletas de pago (Dependientes) \/ recibos por honorarios de los \u00faltimos 3 meses. (Independientes)<\/p>\t\t\t\t\t\t<\/div>\n\t\t\t\t<\/div>\n\t\t\t\t\t<\/div>\n\t\t<\/div>\n\t\t\t\t<div class=\"elementor-column elementor-col-16 elementor-top-column elementor-element elementor-element-4b19f81\" data-id=\"4b19f81\" data-element_type=\"column\">\n\t\t\t<div class=\"elementor-widget-wrap\">\n\t\t\t\t\t\t\t<\/div>\n\t\t<\/div>\n\t\t\t\t\t<\/div>\n\t\t<\/section>\n\t\t\t\t<section class=\"elementor-section elementor-top-section elementor-element elementor-element-62a0e33 elementor-section-boxed elementor-section-height-default elementor-section-height-default\" data-id=\"62a0e33\" data-element_type=\"section\">\n\t\t\t\t\t\t<div class=\"elementor-container elementor-column-gap-default\">\n\t\t\t\t\t<div class=\"elementor-column elementor-col-100 elementor-top-column elementor-element elementor-element-0075cab\" data-id=\"0075cab\" data-element_type=\"column\">\n\t\t\t<div class=\"elementor-widget-wrap elementor-element-populated\">\n\t\t\t\t\t\t<div class=\"elementor-element elementor-element-8ba3bce elementor-widget elementor-widget-spacer\" data-id=\"8ba3bce\" data-element_type=\"widget\" data-widget_type=\"spacer.default\">\n\t\t\t\t<div class=\"elementor-widget-container\">\n\t\t\t\t\t<div class=\"elementor-spacer\">\n\t\t\t<div class=\"elementor-spacer-inner\"><\/div>\n\t\t<\/div>\n\t\t\t\t<\/div>\n\t\t\t\t<\/div>\n\t\t\t\t\t<\/div>\n\t\t<\/div>\n\t\t\t\t\t<\/div>\n\t\t<\/section>\n\t\t\t\t<section class=\"elementor-section elementor-top-section elementor-element elementor-element-672fa20 elementor-section-boxed elementor-section-height-default elementor-section-height-default\" data-id=\"672fa20\" data-element_type=\"section\">\n\t\t\t\t\t\t<div class=\"elementor-container elementor-column-gap-default\">\n\t\t\t\t\t<div class=\"elementor-column elementor-col-100 elementor-top-column elementor-element elementor-element-74fe6d2\" data-id=\"74fe6d2\" data-element_type=\"column\">\n\t\t\t<div class=\"elementor-widget-wrap elementor-element-populated\">\n\t\t\t\t\t\t<div class=\"elementor-element elementor-element-31cdf66 elementor-widget elementor-widget-heading\" data-id=\"31cdf66\" data-element_type=\"widget\" data-widget_type=\"heading.default\">\n\t\t\t\t<div class=\"elementor-widget-container\">\n\t\t\t<h2 class=\"elementor-heading-title elementor-size-default\">Inscripci\u00f3n<\/h2>\t\t<\/div>\n\t\t\t\t<\/div>\n\t\t\t\t\t<\/div>\n\t\t<\/div>\n\t\t\t\t\t<\/div>\n\t\t<\/section>\n\t\t\t\t<section class=\"elementor-section elementor-top-section elementor-element elementor-element-e2e2ac3 elementor-section-boxed elementor-section-height-default elementor-section-height-default\" data-id=\"e2e2ac3\" data-element_type=\"section\">\n\t\t\t\t\t\t<div class=\"elementor-container elementor-column-gap-default\">\n\t\t\t\t\t<div class=\"elementor-column elementor-col-100 elementor-top-column elementor-element elementor-element-8287cda\" data-id=\"8287cda\" data-element_type=\"column\">\n\t\t\t<div class=\"elementor-widget-wrap elementor-element-populated\">\n\t\t\t\t\t\t<div class=\"elementor-element elementor-element-19dce2a elementor-widget elementor-widget-spacer\" data-id=\"19dce2a\" data-element_type=\"widget\" data-widget_type=\"spacer.default\">\n\t\t\t\t<div class=\"elementor-widget-container\">\n\t\t\t\t\t<div class=\"elementor-spacer\">\n\t\t\t<div class=\"elementor-spacer-inner\"><\/div>\n\t\t<\/div>\n\t\t\t\t<\/div>\n\t\t\t\t<\/div>\n\t\t\t\t\t<\/div>\n\t\t<\/div>\n\t\t\t\t\t<\/div>\n\t\t<\/section>\n\t\t\t\t<section class=\"elementor-section elementor-top-section elementor-element elementor-element-8a2e055 elementor-section-boxed elementor-section-height-default elementor-section-height-default\" data-id=\"8a2e055\" data-element_type=\"section\">\n\t\t\t\t\t\t<div class=\"elementor-container elementor-column-gap-default\">\n\t\t\t\t\t<div class=\"elementor-column elementor-col-33 elementor-top-column elementor-element elementor-element-81b0f01\" data-id=\"81b0f01\" data-element_type=\"column\">\n\t\t\t<div class=\"elementor-widget-wrap\">\n\t\t\t\t\t\t\t<\/div>\n\t\t<\/div>\n\t\t\t\t<div class=\"elementor-column elementor-col-33 elementor-top-column elementor-element elementor-element-c05bfd9\" data-id=\"c05bfd9\" data-element_type=\"column\">\n\t\t\t<div class=\"elementor-widget-wrap elementor-element-populated\">\n\t\t\t\t\t\t<div class=\"elementor-element elementor-element-934fae9 elementor-view-default elementor-invisible elementor-widget elementor-widget-icon\" data-id=\"934fae9\" data-element_type=\"widget\" data-settings=\"{&quot;_animation&quot;:&quot;flash&quot;,&quot;_animation_delay&quot;:30}\" data-widget_type=\"icon.default\">\n\t\t\t\t<div class=\"elementor-widget-container\">\n\t\t\t\t\t<div class=\"elementor-icon-wrapper\">\n\t\t\t<div class=\"elementor-icon\">\n\t\t\t<i aria-hidden=\"true\" class=\"far fa-hand-point-down\"><\/i>\t\t\t<\/div>\n\t\t<\/div>\n\t\t\t\t<\/div>\n\t\t\t\t<\/div>\n\t\t\t\t\t<\/div>\n\t\t<\/div>\n\t\t\t\t<div class=\"elementor-column elementor-col-33 elementor-top-column elementor-element elementor-element-0237da8\" data-id=\"0237da8\" data-element_type=\"column\">\n\t\t\t<div class=\"elementor-widget-wrap\">\n\t\t\t\t\t\t\t<\/div>\n\t\t<\/div>\n\t\t\t\t\t<\/div>\n\t\t<\/section>\n\t\t\t\t<section class=\"elementor-section elementor-top-section elementor-element elementor-element-a5a9111 elementor-section-boxed elementor-section-height-default elementor-section-height-default\" data-id=\"a5a9111\" data-element_type=\"section\">\n\t\t\t\t\t\t<div class=\"elementor-container elementor-column-gap-default\">\n\t\t\t\t\t<div class=\"elementor-column elementor-col-100 elementor-top-column elementor-element elementor-element-74a2cf5\" data-id=\"74a2cf5\" data-element_type=\"column\">\n\t\t\t<div class=\"elementor-widget-wrap elementor-element-populated\">\n\t\t\t\t\t\t<div class=\"elementor-element elementor-element-c863045 elementor-align-center elementor-widget elementor-widget-button\" data-id=\"c863045\" data-element_type=\"widget\" data-widget_type=\"button.default\">\n\t\t\t\t<div class=\"elementor-widget-container\">\n\t\t\t\t\t\t\t<div class=\"elementor-button-wrapper\">\n\t\t\t\t\t<a class=\"elementor-button elementor-button-link elementor-size-lg\" href=\"https:\/\/corazondejesus.sieweb.com.pe\/admision\/#\/inscripcion\">\n\t\t\t\t\t\t<span class=\"elementor-button-content-wrapper\">\n\t\t\t\t\t\t\t\t\t<span class=\"elementor-button-text\">Haz clic aqu\u00ed<\/span>\n\t\t\t\t\t<\/span>\n\t\t\t\t\t<\/a>\n\t\t\t\t<\/div>\n\t\t\t\t\t\t<\/div>\n\t\t\t\t<\/div>\n\t\t\t\t\t<\/div>\n\t\t<\/div>\n\t\t\t\t\t<\/div>\n\t\t<\/section>\n\t\t\t\t<section class=\"elementor-section elementor-top-section elementor-element elementor-element-2175e45 elementor-section-boxed elementor-section-height-default elementor-section-height-default\" data-id=\"2175e45\" data-element_type=\"section\">\n\t\t\t\t\t\t<div class=\"elementor-container elementor-column-gap-default\">\n\t\t\t\t\t<div class=\"elementor-column elementor-col-16 elementor-top-column elementor-element elementor-element-543f684\" data-id=\"543f684\" data-element_type=\"column\">\n\t\t\t<div class=\"elementor-widget-wrap\">\n\t\t\t\t\t\t\t<\/div>\n\t\t<\/div>\n\t\t\t\t<div class=\"elementor-column elementor-col-66 elementor-top-column elementor-element elementor-element-8e920fa\" data-id=\"8e920fa\" data-element_type=\"column\">\n\t\t\t<div class=\"elementor-widget-wrap elementor-element-populated\">\n\t\t\t\t\t\t<div class=\"elementor-element elementor-element-e9ec118 elementor-widget elementor-widget-heading\" data-id=\"e9ec118\" data-element_type=\"widget\" data-widget_type=\"heading.default\">\n\t\t\t\t<div class=\"elementor-widget-container\">\n\t\t\t<h2 class=\"elementor-heading-title elementor-size-default\">Proceso de admisi\u00f3n<\/h2>\t\t<\/div>\n\t\t\t\t<\/div>\n\t\t\t\t<div class=\"elementor-element elementor-element-826dc12 elementor-widget elementor-widget-pdf_viewer\" data-id=\"826dc12\" data-element_type=\"widget\" data-widget_type=\"pdf_viewer.default\">\n\t\t\t\t<div class=\"elementor-widget-container\">\n\t\t\t<iframe src=\"https:\/\/docs.google.com\/viewer?url=https:\/\/www.corazondejesus.edu.pe\/oficial\/wp-content\/uploads\/2025\/09\/MANUAL-DE-PROCESO-DE-ADMISION-2026.pdf&amp;embedded=true\" style=\"display: block; margin-left: auto; margin-right: auto; width: 640px; height: 1020px;\" frameborder=\"1\" marginheight=\"0px\" marginwidth=\"0px\" allowfullscreen><\/iframe>\t\t<\/div>\n\t\t\t\t<\/div>\n\t\t\t\t\t<\/div>\n\t\t<\/div>\n\t\t\t\t<div class=\"elementor-column elementor-col-16 elementor-top-column elementor-element elementor-element-ccfb8ce\" data-id=\"ccfb8ce\" data-element_type=\"column\">\n\t\t\t<div class=\"elementor-widget-wrap\">\n\t\t\t\t\t\t\t<\/div>\n\t\t<\/div>\n\t\t\t\t\t<\/div>\n\t\t<\/section>\n\t\t\t\t<section class=\"elementor-section elementor-top-section elementor-element elementor-element-753a415 elementor-section-boxed elementor-section-height-default elementor-section-height-default\" data-id=\"753a415\" data-element_type=\"section\">\n\t\t\t\t\t\t<div class=\"elementor-container elementor-column-gap-default\">\n\t\t\t\t\t<div class=\"elementor-column elementor-col-100 elementor-top-column elementor-element elementor-element-099e359\" data-id=\"099e359\" data-element_type=\"column\">\n\t\t\t<div class=\"elementor-widget-wrap\">\n\t\t\t\t\t\t\t<\/div>\n\t\t<\/div>\n\t\t\t\t\t<\/div>\n\t\t<\/section>\n\t\t\t\t<\/div>\n\t\t","protected":false},"excerpt":{"rendered":"<p>Escr\u00edbenos para informes admision@corazondejesus.edu.pe Requisitos Certificado de estudios. C\u00f3digo modular [&hellip;]<\/p>\n","protected":false},"author":1,"featured_media":0,"parent":0,"menu_order":0,"comment_status":"closed","ping_status":"closed","template":"","meta":{"footnotes":""},"class_list":["post-695","page","type-page","status-publish","hentry"],"yoast_head":"<!-- This site is optimized with the Yoast SEO plugin v23.8 - https:\/\/yoast.com\/wordpress\/plugins\/seo\/ -->\n<title>Documentos - Colegio Coraz\u00f3n de Jes\u00fas<\/title>\n<meta name=\"robots\" content=\"index, follow, max-snippet:-1, max-image-preview:large, max-video-preview:-1\" \/>\n<link rel=\"canonical\" href=\"https:\/\/www.corazondejesus.edu.pe\/oficial\/index.php\/documentos\/\" \/>\n<meta property=\"og:locale\" content=\"es_ES\" \/>\n<meta property=\"og:type\" content=\"article\" \/>\n<meta property=\"og:title\" content=\"Documentos - Colegio Coraz\u00f3n de Jes\u00fas\" \/>\n<meta property=\"og:description\" content=\"Escr\u00edbenos para informes admision@corazondejesus.edu.pe Requisitos Certificado de estudios. C\u00f3digo modular [&hellip;]\" \/>\n<meta property=\"og:url\" content=\"https:\/\/www.corazondejesus.edu.pe\/oficial\/index.php\/documentos\/\" \/>\n<meta property=\"og:site_name\" content=\"Colegio Coraz\u00f3n de Jes\u00fas\" \/>\n<meta property=\"article:publisher\" content=\"https:\/\/www.facebook.com\/cepcorazondejesus\" \/>\n<meta property=\"article:modified_time\" content=\"2025-09-24T16:05:49+00:00\" \/>\n<meta name=\"twitter:card\" content=\"summary_large_image\" \/>\n<meta name=\"twitter:label1\" content=\"Tiempo de lectura\" \/>\n\t<meta name=\"twitter:data1\" content=\"1 minuto\" \/>\n<script type=\"application\/ld+json\" class=\"yoast-schema-graph\">{\"@context\":\"https:\/\/schema.org\",\"@graph\":[{\"@type\":\"WebPage\",\"@id\":\"https:\/\/www.corazondejesus.edu.pe\/oficial\/index.php\/documentos\/\",\"url\":\"https:\/\/www.corazondejesus.edu.pe\/oficial\/index.php\/documentos\/\",\"name\":\"Documentos - Colegio Coraz\u00f3n de Jes\u00fas\",\"isPartOf\":{\"@id\":\"https:\/\/www.corazondejesus.edu.pe\/oficial\/#website\"},\"datePublished\":\"2020-11-26T04:45:37+00:00\",\"dateModified\":\"2025-09-24T16:05:49+00:00\",\"breadcrumb\":{\"@id\":\"https:\/\/www.corazondejesus.edu.pe\/oficial\/index.php\/documentos\/#breadcrumb\"},\"inLanguage\":\"es\",\"potentialAction\":[{\"@type\":\"ReadAction\",\"target\":[\"https:\/\/www.corazondejesus.edu.pe\/oficial\/index.php\/documentos\/\"]}]},{\"@type\":\"BreadcrumbList\",\"@id\":\"https:\/\/www.corazondejesus.edu.pe\/oficial\/index.php\/documentos\/#breadcrumb\",\"itemListElement\":[{\"@type\":\"ListItem\",\"position\":1,\"name\":\"Coraz\u00f3n de Jes\u00fas\",\"item\":\"https:\/\/www.corazondejesus.edu.pe\/oficial\/\"},{\"@type\":\"ListItem\",\"position\":2,\"name\":\"Documentos\"}]},{\"@type\":\"WebSite\",\"@id\":\"https:\/\/www.corazondejesus.edu.pe\/oficial\/#website\",\"url\":\"https:\/\/www.corazondejesus.edu.pe\/oficial\/\",\"name\":\"Colegio Coraz\u00f3n de Jes\u00fas\",\"description\":\"\",\"publisher\":{\"@id\":\"https:\/\/www.corazondejesus.edu.pe\/oficial\/#organization\"},\"potentialAction\":[{\"@type\":\"SearchAction\",\"target\":{\"@type\":\"EntryPoint\",\"urlTemplate\":\"https:\/\/www.corazondejesus.edu.pe\/oficial\/?s={search_term_string}\"},\"query-input\":{\"@type\":\"PropertyValueSpecification\",\"valueRequired\":true,\"valueName\":\"search_term_string\"}}],\"inLanguage\":\"es\"},{\"@type\":\"Organization\",\"@id\":\"https:\/\/www.corazondejesus.edu.pe\/oficial\/#organization\",\"name\":\"I.E.P Coraz\u00f3n de Jes\u00fas - Jes\u00fas Mar\u00eda\",\"url\":\"https:\/\/www.corazondejesus.edu.pe\/oficial\/\",\"logo\":{\"@type\":\"ImageObject\",\"inLanguage\":\"es\",\"@id\":\"https:\/\/www.corazondejesus.edu.pe\/oficial\/#\/schema\/logo\/image\/\",\"url\":\"https:\/\/www.corazondejesus.edu.pe\/oficial\/wp-content\/uploads\/2020\/11\/logo-2.png\",\"contentUrl\":\"https:\/\/www.corazondejesus.edu.pe\/oficial\/wp-content\/uploads\/2020\/11\/logo-2.png\",\"width\":188,\"height\":72,\"caption\":\"I.E.P Coraz\u00f3n de Jes\u00fas - Jes\u00fas Mar\u00eda\"},\"image\":{\"@id\":\"https:\/\/www.corazondejesus.edu.pe\/oficial\/#\/schema\/logo\/image\/\"},\"sameAs\":[\"https:\/\/www.facebook.com\/cepcorazondejesus\"]}]}<\/script>\n<!-- \/ Yoast SEO plugin. -->","yoast_head_json":{"title":"Documentos - Colegio Coraz\u00f3n de Jes\u00fas","robots":{"index":"index","follow":"follow","max-snippet":"max-snippet:-1","max-image-preview":"max-image-preview:large","max-video-preview":"max-video-preview:-1"},"canonical":"https:\/\/www.corazondejesus.edu.pe\/oficial\/index.php\/documentos\/","og_locale":"es_ES","og_type":"article","og_title":"Documentos - Colegio Coraz\u00f3n de Jes\u00fas","og_description":"Escr\u00edbenos para informes admision@corazondejesus.edu.pe Requisitos Certificado de estudios. C\u00f3digo modular [&hellip;]","og_url":"https:\/\/www.corazondejesus.edu.pe\/oficial\/index.php\/documentos\/","og_site_name":"Colegio Coraz\u00f3n de Jes\u00fas","article_publisher":"https:\/\/www.facebook.com\/cepcorazondejesus","article_modified_time":"2025-09-24T16:05:49+00:00","twitter_card":"summary_large_image","twitter_misc":{"Tiempo de lectura":"1 minuto"},"schema":{"@context":"https:\/\/schema.org","@graph":[{"@type":"WebPage","@id":"https:\/\/www.corazondejesus.edu.pe\/oficial\/index.php\/documentos\/","url":"https:\/\/www.corazondejesus.edu.pe\/oficial\/index.php\/documentos\/","name":"Documentos - Colegio Coraz\u00f3n de Jes\u00fas","isPartOf":{"@id":"https:\/\/www.corazondejesus.edu.pe\/oficial\/#website"},"datePublished":"2020-11-26T04:45:37+00:00","dateModified":"2025-09-24T16:05:49+00:00","breadcrumb":{"@id":"https:\/\/www.corazondejesus.edu.pe\/oficial\/index.php\/documentos\/#breadcrumb"},"inLanguage":"es","potentialAction":[{"@type":"ReadAction","target":["https:\/\/www.corazondejesus.edu.pe\/oficial\/index.php\/documentos\/"]}]},{"@type":"BreadcrumbList","@id":"https:\/\/www.corazondejesus.edu.pe\/oficial\/index.php\/documentos\/#breadcrumb","itemListElement":[{"@type":"ListItem","position":1,"name":"Coraz\u00f3n de Jes\u00fas","item":"https:\/\/www.corazondejesus.edu.pe\/oficial\/"},{"@type":"ListItem","position":2,"name":"Documentos"}]},{"@type":"WebSite","@id":"https:\/\/www.corazondejesus.edu.pe\/oficial\/#website","url":"https:\/\/www.corazondejesus.edu.pe\/oficial\/","name":"Colegio Coraz\u00f3n de Jes\u00fas","description":"","publisher":{"@id":"https:\/\/www.corazondejesus.edu.pe\/oficial\/#organization"},"potentialAction":[{"@type":"SearchAction","target":{"@type":"EntryPoint","urlTemplate":"https:\/\/www.corazondejesus.edu.pe\/oficial\/?s={search_term_string}"},"query-input":{"@type":"PropertyValueSpecification","valueRequired":true,"valueName":"search_term_string"}}],"inLanguage":"es"},{"@type":"Organization","@id":"https:\/\/www.corazondejesus.edu.pe\/oficial\/#organization","name":"I.E.P Coraz\u00f3n de Jes\u00fas - Jes\u00fas Mar\u00eda","url":"https:\/\/www.corazondejesus.edu.pe\/oficial\/","logo":{"@type":"ImageObject","inLanguage":"es","@id":"https:\/\/www.corazondejesus.edu.pe\/oficial\/#\/schema\/logo\/image\/","url":"https:\/\/www.corazondejesus.edu.pe\/oficial\/wp-content\/uploads\/2020\/11\/logo-2.png","contentUrl":"https:\/\/www.corazondejesus.edu.pe\/oficial\/wp-content\/uploads\/2020\/11\/logo-2.png","width":188,"height":72,"caption":"I.E.P Coraz\u00f3n de Jes\u00fas - Jes\u00fas Mar\u00eda"},"image":{"@id":"https:\/\/www.corazondejesus.edu.pe\/oficial\/#\/schema\/logo\/image\/"},"sameAs":["https:\/\/www.facebook.com\/cepcorazondejesus"]}]}},"_links":{"self":[{"href":"https:\/\/www.corazondejesus.edu.pe\/oficial\/index.php\/wp-json\/wp\/v2\/pages\/695","targetHints":{"allow":["GET"]}}],"collection":[{"href":"https:\/\/www.corazondejesus.edu.pe\/oficial\/index.php\/wp-json\/wp\/v2\/pages"}],"about":[{"href":"https:\/\/www.corazondejesus.edu.pe\/oficial\/index.php\/wp-json\/wp\/v2\/types\/page"}],"author":[{"embeddable":true,"href":"https:\/\/www.corazondejesus.edu.pe\/oficial\/index.php\/wp-json\/wp\/v2\/users\/1"}],"replies":[{"embeddable":true,"href":"https:\/\/www.corazondejesus.edu.pe\/oficial\/index.php\/wp-json\/wp\/v2\/comments?post=695"}],"version-history":[{"count":118,"href":"https:\/\/www.corazondejesus.edu.pe\/oficial\/index.php\/wp-json\/wp\/v2\/pages\/695\/revisions"}],"predecessor-version":[{"id":4221,"href":"https:\/\/www.corazondejesus.edu.pe\/oficial\/index.php\/wp-json\/wp\/v2\/pages\/695\/revisions\/4221"}],"wp:attachment":[{"href":"https:\/\/www.corazondejesus.edu.pe\/oficial\/index.php\/wp-json\/wp\/v2\/media?parent=695"}],"curies":[{"name":"wp","href":"https:\/\/api.w.org\/{rel}","templated":true}]}}